{"id":542,"date":"2024-01-06T10:06:56","date_gmt":"2024-01-06T13:06:56","guid":{"rendered":"https:\/\/famillesdaigle.ca\/produit\/famille-daigle-genealogie-des-familles-de-pointe-sapin\/"},"modified":"2024-01-06T10:06:56","modified_gmt":"2024-01-06T13:06:56","slug":"famille-daigle-genealogie-des-familles-de-pointe-sapin","status":"publish","type":"product","link":"https:\/\/famillesdaigle.ca\/en\/produit\/famille-daigle-genealogie-des-familles-de-pointe-sapin\/","title":{"rendered":"Famille Daigle &#8211; G\u00e9n\u00e9alogie des Familles de Pointe-Sapin"},"content":{"rendered":"<p>Famille Daigle &#8211; G\u00e9n\u00e9alogie des Familles de Pointe-Sapin<\/p>\n<p>By Normand Robichaud and Zella Layden &#8211; 27 pages<\/p>\n<p>Published in French only<\/p>\n","protected":false},"excerpt":{"rendered":"<p>Famille Daigle &#8211; G\u00e9n\u00e9alogie des Familles de Pointe-Sapin<\/p>\n","protected":false},"featured_media":403,"comment_status":"open","ping_status":"closed","template":"","meta":{"nf_dc_page":"","_eb_attr":""},"product_brand":[],"product_cat":[32],"product_tag":[],"class_list":{"0":"post-542","1":"product","2":"type-product","3":"status-publish","4":"has-post-thumbnail","6":"product_cat-books","7":"product_shipping_class-medium","9":"first","10":"instock","11":"shipping-taxable","12":"purchasable","13":"product-type-simple"},"aioseo_notices":[],"jetpack_sharing_enabled":true,"_links":{"self":[{"href":"https:\/\/famillesdaigle.ca\/en\/wp-json\/wp\/v2\/product\/542","targetHints":{"allow":["GET"]}}],"collection":[{"href":"https:\/\/famillesdaigle.ca\/en\/wp-json\/wp\/v2\/product"}],"about":[{"href":"https:\/\/famillesdaigle.ca\/en\/wp-json\/wp\/v2\/types\/product"}],"replies":[{"embeddable":true,"href":"https:\/\/famillesdaigle.ca\/en\/wp-json\/wp\/v2\/comments?post=542"}],"wp:featuredmedia":[{"embeddable":true,"href":"https:\/\/famillesdaigle.ca\/en\/wp-json\/wp\/v2\/media\/403"}],"wp:attachment":[{"href":"https:\/\/famillesdaigle.ca\/en\/wp-json\/wp\/v2\/media?parent=542"}],"wp:term":[{"taxonomy":"product_brand","embeddable":true,"href":"https:\/\/famillesdaigle.ca\/en\/wp-json\/wp\/v2\/product_brand?post=542"},{"taxonomy":"product_cat","embeddable":true,"href":"https:\/\/famillesdaigle.ca\/en\/wp-json\/wp\/v2\/product_cat?post=542"},{"taxonomy":"product_tag","embeddable":true,"href":"https:\/\/famillesdaigle.ca\/en\/wp-json\/wp\/v2\/product_tag?post=542"}],"curies":[{"name":"wp","href":"https:\/\/api.w.org\/{rel}","templated":true}]}}