{"id":188,"date":"2023-07-09T12:37:56","date_gmt":"2023-07-09T15:37:56","guid":{"rendered":"https:\/\/famillesdaigle.ca\/history\/"},"modified":"2024-03-13T07:44:08","modified_gmt":"2024-03-13T10:44:08","slug":"history","status":"publish","type":"page","link":"https:\/\/famillesdaigle.ca\/en\/history\/","title":{"rendered":"History"},"content":{"rendered":"\t\t<div data-elementor-type=\"wp-page\" data-elementor-id=\"188\" class=\"elementor elementor-188 elementor-71\" data-elementor-post-type=\"page\">\n\t\t\t\t\t\t<section class=\"elementor-section elementor-top-section elementor-element elementor-element-141f3c5 elementor-section-boxed elementor-section-height-default elementor-section-height-default\" data-id=\"141f3c5\" data-element_type=\"section\" data-e-type=\"section\">\n\t\t\t\t\t\t<div class=\"elementor-container elementor-column-gap-default\">\n\t\t\t\t\t<div class=\"elementor-column elementor-col-100 elementor-top-column elementor-element elementor-element-75fe8c2\" data-id=\"75fe8c2\" data-element_type=\"column\" data-e-type=\"column\">\n\t\t\t<div class=\"elementor-widget-wrap elementor-element-populated\">\n\t\t\t\t\t\t<div class=\"elementor-element elementor-element-bef2726 elementor-widget elementor-widget-heading\" data-id=\"bef2726\" data-element_type=\"widget\" data-e-type=\"widget\" data-widget_type=\"heading.default\">\n\t\t\t\t<div class=\"elementor-widget-container\">\n\t\t\t\t\t<h2 class=\"elementor-heading-title elementor-size-default\"><span class=\"HwtZe\"><span class=\"jCAhz ChMk0b\"><span class=\"ryNqvb\">Olivier Daigre and Marie Gaudet - our Acadian heritage Daigle<\/span><\/span><\/span><\/h2>\t\t\t\t<\/div>\n\t\t\t\t<\/div>\n\t\t\t\t\t<\/div>\n\t\t<\/div>\n\t\t\t\t\t<\/div>\n\t\t<\/section>\n\t\t\t\t<section class=\"elementor-section elementor-top-section elementor-element elementor-element-6c09015 elementor-section-boxed elementor-section-height-default elementor-section-height-default\" data-id=\"6c09015\" data-element_type=\"section\" data-e-type=\"section\">\n\t\t\t\t\t\t<div class=\"elementor-container elementor-column-gap-default\">\n\t\t\t\t\t<div class=\"elementor-column elementor-col-100 elementor-top-column elementor-element elementor-element-6971748\" data-id=\"6971748\" data-element_type=\"column\" data-e-type=\"column\">\n\t\t\t<div class=\"elementor-widget-wrap elementor-element-populated\">\n\t\t\t\t\t\t<div class=\"elementor-element elementor-element-0d260d0 elementor-widget elementor-widget-text-editor\" data-id=\"0d260d0\" data-element_type=\"widget\" data-e-type=\"widget\" data-widget_type=\"text-editor.default\">\n\t\t\t\t<div class=\"elementor-widget-container\">\n\t\t\t\t\t\t\t\t\t<p><span class=\"HwtZe\" lang=\"fr\"><span class=\"jCAhz ChMk0b\"><span class=\"ryNqvb\">Based on numerous genealogy research, all Daigle Acadians would be descendants of Olivier Daigre, possibly from Aigre, in the Poitou-Charentes region of France.<\/span><\/span> <span class=\"jCAhz ChMk0b\"><span class=\"ryNqvb\">Born in 1643, he would have arrived in Acadia around 1664, possibly crossing over on the boat \u2018La Paix\u2019 commanded by Elie Siberon, and hired by Emmanuel Le Borgne du Coudron, Seigneur de Port-Royal.<\/span><\/span> <\/span><\/p>\n\t\t\t\t\t\t\t\t<\/div>\n\t\t\t\t<\/div>\n\t\t\t\t\t<\/div>\n\t\t<\/div>\n\t\t\t\t\t<\/div>\n\t\t<\/section>\n\t\t\t\t<section class=\"elementor-section elementor-top-section elementor-element elementor-element-24b8c9e elementor-section-boxed elementor-section-height-default elementor-section-height-default\" data-id=\"24b8c9e\" data-element_type=\"section\" data-e-type=\"section\">\n\t\t\t\t\t\t<div class=\"elementor-container elementor-column-gap-default\">\n\t\t\t\t\t<div class=\"elementor-column elementor-col-100 elementor-top-column elementor-element elementor-element-2b24812\" data-id=\"2b24812\" data-element_type=\"column\" data-e-type=\"column\">\n\t\t\t<div class=\"elementor-widget-wrap elementor-element-populated\">\n\t\t\t\t\t\t<div class=\"elementor-element elementor-element-45feb49 elementor-widget elementor-widget-text-editor\" data-id=\"45feb49\" data-element_type=\"widget\" data-e-type=\"widget\" data-widget_type=\"text-editor.default\">\n\t\t\t\t<div class=\"elementor-widget-container\">\n\t\t\t\t\t\t\t\t\t<p><span class=\"HwtZe\" lang=\"fr\"><span class=\"jCAhz ChMk0b\"><span class=\"ryNqvb\">Extensive research done by Daigle cousins in Poitou-Charente, have not been able to locate any records of Olivier\u2019s parents and ancestors, since a lot of records before XVI century were lost.1 (1)<br \/><\/span><\/span><\/span><\/p>\n\t\t\t\t\t\t\t\t<\/div>\n\t\t\t\t<\/div>\n\t\t\t\t\t<\/div>\n\t\t<\/div>\n\t\t\t\t\t<\/div>\n\t\t<\/section>\n\t\t\t\t<section class=\"elementor-section elementor-top-section elementor-element elementor-element-936b2c9 elementor-section-boxed elementor-section-height-default elementor-section-height-default\" data-id=\"936b2c9\" data-element_type=\"section\" data-e-type=\"section\">\n\t\t\t\t\t\t<div class=\"elementor-container elementor-column-gap-default\">\n\t\t\t\t\t<div class=\"elementor-column elementor-col-100 elementor-top-column elementor-element elementor-element-70710bb\" data-id=\"70710bb\" data-element_type=\"column\" data-e-type=\"column\">\n\t\t\t<div class=\"elementor-widget-wrap elementor-element-populated\">\n\t\t\t\t\t\t<div class=\"elementor-element elementor-element-9c14062 elementor-widget elementor-widget-text-editor\" data-id=\"9c14062\" data-element_type=\"widget\" data-e-type=\"widget\" data-widget_type=\"text-editor.default\">\n\t\t\t\t<div class=\"elementor-widget-container\">\n\t\t\t\t\t\t\t\t\t<p><span class=\"HwtZe\" lang=\"fr\"><span class=\"jCAhz ChMk0b\"><span class=\"ryNqvb\">Olivier married Marie Gaudet around 1666. Marie, born in 1651, was the daughter of Denis Gaudet and Martine Gauthier.<\/span><\/span> <span class=\"jCAhz ChMk0b\"><span class=\"ryNqvb\">The first official census of Acadia was taken in 1671. It is from the notes based on this census, that we have been able to establish the birth date of Olivier and best guess the year of their marriage since a lot of civil records were destroyed during the deportation.<\/span><\/span> <\/span><\/p>\t\t\t\t\t\t\t\t<\/div>\n\t\t\t\t<\/div>\n\t\t\t\t\t<\/div>\n\t\t<\/div>\n\t\t\t\t\t<\/div>\n\t\t<\/section>\n\t\t\t\t<section class=\"elementor-section elementor-top-section elementor-element elementor-element-7af287d elementor-section-boxed elementor-section-height-default elementor-section-height-default\" data-id=\"7af287d\" data-element_type=\"section\" data-e-type=\"section\">\n\t\t\t\t\t\t<div class=\"elementor-container elementor-column-gap-default\">\n\t\t\t\t\t<div class=\"elementor-column elementor-col-100 elementor-top-column elementor-element elementor-element-f4244e4\" data-id=\"f4244e4\" data-element_type=\"column\" data-e-type=\"column\">\n\t\t\t<div class=\"elementor-widget-wrap elementor-element-populated\">\n\t\t\t\t\t\t<div class=\"elementor-element elementor-element-b7ef2a9 elementor-widget elementor-widget-text-editor\" data-id=\"b7ef2a9\" data-element_type=\"widget\" data-e-type=\"widget\" data-widget_type=\"text-editor.default\">\n\t\t\t\t<div class=\"elementor-widget-container\">\n\t\t\t\t\t\t\t\t\t<p><span class=\"HwtZe\" lang=\"fr\"><em><strong><span class=\"jCAhz ChMk0b\"><span class=\"ryNqvb\">Census of Acadia 1671 (2)<br \/><\/span><\/span><\/strong><\/em><\/span><\/p>\n\t\t\t\t\t\t\t\t<\/div>\n\t\t\t\t<\/div>\n\t\t\t\t\t<\/div>\n\t\t<\/div>\n\t\t\t\t\t<\/div>\n\t\t<\/section>\n\t\t\t\t<section class=\"elementor-section elementor-top-section elementor-element elementor-element-5e6f428 elementor-section-boxed elementor-section-height-default elementor-section-height-default\" data-id=\"5e6f428\" data-element_type=\"section\" data-e-type=\"section\">\n\t\t\t\t\t\t<div class=\"elementor-container elementor-column-gap-default\">\n\t\t\t\t\t<div class=\"elementor-column elementor-col-50 elementor-top-column elementor-element elementor-element-2d1ac90\" data-id=\"2d1ac90\" data-element_type=\"column\" data-e-type=\"column\">\n\t\t\t<div class=\"elementor-widget-wrap elementor-element-populated\">\n\t\t\t\t\t\t<div class=\"elementor-element elementor-element-a1e70e0 elementor-widget elementor-widget-text-editor\" data-id=\"a1e70e0\" data-element_type=\"widget\" data-e-type=\"widget\" data-widget_type=\"text-editor.default\">\n\t\t\t\t<div class=\"elementor-widget-container\">\n\t\t\t\t\t\t\t\t\t<p><span class=\"HwtZe\" lang=\"fr\"><span class=\"jCAhz ChMk0b\"><span class=\"ryNqvb\">Laboureur Olivier Daigre, aag\u00e9 de 28 ans<\/span><\/span><\/span><\/p>\n<p><span class=\"HwtZe\" lang=\"fr\"><span class=\"jCAhz ChMk0b\"><span class=\"ryNqvb\">Sa femme Marie Gaudet, aag\u00e9e de 20 ans<\/span><\/span> <\/span><\/p>\n<p><span class=\"HwtZe\" lang=\"fr\"><span class=\"jCAhz ChMk0b\"><span class=\"ryNqvb\">Leurs enfants 3<\/span><\/span><\/span><\/p>\n<p><span class=\"HwtZe\" lang=\"fr\"><span class=\"jCAhz ChMk0b\"><span class=\"ryNqvb\">Jehan aag\u00e9 de quatre ans<\/span><\/span><\/span><\/p>\n<p><span class=\"HwtZe\" lang=\"fr\"><span class=\"jCAhz ChMk0b\"><span class=\"ryNqvb\">Jacques deux ans<\/span><\/span><\/span><\/p>\n<p><span class=\"HwtZe\" lang=\"fr\"><span class=\"jCAhz ChMk0b\"><span class=\"ryNqvb\">Bernard un ans<\/span><\/span><\/span><\/p>\n<p><span class=\"HwtZe\" lang=\"fr\"><span class=\"jCAhz ChMk0b\"><span class=\"ryNqvb\">Leurs terres en labour deux arpans, <\/span><\/span><\/span><span class=\"HwtZe\" lang=\"fr\"><span class=\"jCAhz ChMk0b\"><span class=\"ryNqvb\">bestes a cornes<\/span><\/span><\/span><\/p>\n<p><span class=\"HwtZe\" lang=\"fr\"><span class=\"jCAhz ChMk0b\"><span class=\"ryNqvb\">six paires et six brebis<\/span><\/span><\/span><\/p>\n\t\t\t\t\t\t\t\t<\/div>\n\t\t\t\t<\/div>\n\t\t\t\t\t<\/div>\n\t\t<\/div>\n\t\t\t\t<div class=\"elementor-column elementor-col-50 elementor-top-column elementor-element elementor-element-c092b1a\" data-id=\"c092b1a\" data-element_type=\"column\" data-e-type=\"column\">\n\t\t\t<div class=\"elementor-widget-wrap elementor-element-populated\">\n\t\t\t\t\t\t<div class=\"elementor-element elementor-element-3a9bf33 elementor-widget__width-initial elementor-widget elementor-widget-image\" data-id=\"3a9bf33\" data-element_type=\"widget\" data-e-type=\"widget\" data-widget_type=\"image.default\">\n\t\t\t\t<div class=\"elementor-widget-container\">\n\t\t\t\t\t\t\t\t\t\t\t\t\t\t\t<img fetchpriority=\"high\" decoding=\"async\" width=\"487\" height=\"224\" src=\"https:\/\/i0.wp.com\/famillesdaigle.ca\/wp-content\/uploads\/2023\/12\/Recensement-1671.jpg?fit=487%2C224&amp;ssl=1\" class=\"attachment-medium_large size-medium_large wp-image-336\" alt=\"\" srcset=\"https:\/\/i0.wp.com\/famillesdaigle.ca\/wp-content\/uploads\/2023\/12\/Recensement-1671.jpg?w=487&amp;ssl=1 487w, https:\/\/i0.wp.com\/famillesdaigle.ca\/wp-content\/uploads\/2023\/12\/Recensement-1671.jpg?resize=300%2C138&amp;ssl=1 300w\" sizes=\"(max-width: 487px) 100vw, 487px\" \/>\t\t\t\t\t\t\t\t\t\t\t\t\t\t\t<\/div>\n\t\t\t\t<\/div>\n\t\t\t\t\t<\/div>\n\t\t<\/div>\n\t\t\t\t\t<\/div>\n\t\t<\/section>\n\t\t\t\t<section class=\"elementor-section elementor-top-section elementor-element elementor-element-844010c elementor-section-boxed elementor-section-height-default elementor-section-height-default\" data-id=\"844010c\" data-element_type=\"section\" data-e-type=\"section\">\n\t\t\t\t\t\t<div class=\"elementor-container elementor-column-gap-default\">\n\t\t\t\t\t<div class=\"elementor-column elementor-col-100 elementor-top-column elementor-element elementor-element-d3f845a\" data-id=\"d3f845a\" data-element_type=\"column\" data-e-type=\"column\">\n\t\t\t<div class=\"elementor-widget-wrap elementor-element-populated\">\n\t\t\t\t\t\t<div class=\"elementor-element elementor-element-ed8c534 elementor-widget elementor-widget-text-editor\" data-id=\"ed8c534\" data-element_type=\"widget\" data-e-type=\"widget\" data-widget_type=\"text-editor.default\">\n\t\t\t\t<div class=\"elementor-widget-container\">\n\t\t\t\t\t\t\t\t\t<p><em><strong><span class=\"HwtZe\" lang=\"fr\"><span class=\"jCAhz ChMk0b\"><span class=\"ryNqvb\">Census of Port-Royal 1678 (3)<br \/><\/span><\/span><\/span><\/strong><\/em><\/p>\n\t\t\t\t\t\t\t\t<\/div>\n\t\t\t\t<\/div>\n\t\t\t\t\t<\/div>\n\t\t<\/div>\n\t\t\t\t\t<\/div>\n\t\t<\/section>\n\t\t\t\t<section class=\"elementor-section elementor-top-section elementor-element elementor-element-016da75 elementor-section-boxed elementor-section-height-default elementor-section-height-default\" data-id=\"016da75\" data-element_type=\"section\" data-e-type=\"section\">\n\t\t\t\t\t\t<div class=\"elementor-container elementor-column-gap-default\">\n\t\t\t\t\t<div class=\"elementor-column elementor-col-100 elementor-top-column elementor-element elementor-element-fe1cf88\" data-id=\"fe1cf88\" data-element_type=\"column\" data-e-type=\"column\">\n\t\t\t<div class=\"elementor-widget-wrap elementor-element-populated\">\n\t\t\t\t\t\t<div class=\"elementor-element elementor-element-8b10f1b elementor-widget elementor-widget-text-editor\" data-id=\"8b10f1b\" data-element_type=\"widget\" data-e-type=\"widget\" data-widget_type=\"text-editor.default\">\n\t\t\t\t<div class=\"elementor-widget-container\">\n\t\t\t\t\t\t\t\t\t<p><span class=\"HwtZe\" lang=\"fr\"><span class=\"jCAhz ChMk0b\"><span class=\"ryNqvb\">Olivier Da\u00efgre. <\/span><\/span><\/span><span class=\"HwtZe\" lang=\"fr\"><span class=\"jCAhz ChMk0b\"><span class=\"ryNqvb\">Marie Gaudet<\/span><\/span><\/span><\/p>\n<p><span class=\"HwtZe\" lang=\"fr\"><span class=\"jCAhz ChMk0b\"><span class=\"ryNqvb\">6 gar\u00e7ons.<\/span><\/span> <span class=\"jCAhz ChMk0b\"><span class=\"ryNqvb\">Le plus vieux de 12 ans<\/span><\/span> <span class=\"jCAhz ChMk0b\"><span class=\"ryNqvb\">2 filles 2 ans<\/span><\/span><\/span><\/p>\n<p><span class=\"HwtZe\" lang=\"fr\"><span class=\"jCAhz ChMk0b\"><span class=\"ryNqvb\">St Cristoffe au Ruesseau Ste Marie<\/span><\/span><\/span><\/p>\n<p><span class=\"HwtZe\" lang=\"fr\"><span class=\"jCAhz ChMk0b\"><span class=\"ryNqvb\">4 arpans, 6 p de bestail<\/span><\/span><\/span><\/p>\n\t\t\t\t\t\t\t\t<\/div>\n\t\t\t\t<\/div>\n\t\t\t\t\t<\/div>\n\t\t<\/div>\n\t\t\t\t\t<\/div>\n\t\t<\/section>\n\t\t\t\t<section class=\"elementor-section elementor-top-section elementor-element elementor-element-636d003 elementor-section-boxed elementor-section-height-default elementor-section-height-default\" data-id=\"636d003\" data-element_type=\"section\" data-e-type=\"section\">\n\t\t\t\t\t\t<div class=\"elementor-container elementor-column-gap-default\">\n\t\t\t\t\t<div class=\"elementor-column elementor-col-100 elementor-top-column elementor-element elementor-element-158d38a\" data-id=\"158d38a\" data-element_type=\"column\" data-e-type=\"column\">\n\t\t\t<div class=\"elementor-widget-wrap elementor-element-populated\">\n\t\t\t\t\t\t<div class=\"elementor-element elementor-element-e75eb75 elementor-widget elementor-widget-text-editor\" data-id=\"e75eb75\" data-element_type=\"widget\" data-e-type=\"widget\" data-widget_type=\"text-editor.default\">\n\t\t\t\t<div class=\"elementor-widget-container\">\n\t\t\t\t\t\t\t\t\t<p><span class=\"HwtZe\" lang=\"fr\"><span class=\"jCAhz ChMk0b\"><span class=\"ryNqvb\">Olivier Daigre would have died prior to 1686 as a third census, 15 years later, shows that Marie Gaudet was married to Jean Fardel.2 (2)<\/span><\/span> <\/span><\/p>\n<p><span class=\"HwtZe\" lang=\"fr\"><span class=\"jCAhz ChMk0b\"><span class=\"ryNqvb\">This is a new website, and our vision is that in the near future, this site will host historical research on where the Daigles settled, whether in Kent County communities or in Claire, New Brunswick, Louisiana, <\/span><\/span><span class=\"jCAhz ChMk0b\"><span class=\"ryNqvb\">in Quebec, Belles-\u00celes-sur-Mer and other parts of France.<\/span><\/span> <span class=\"jCAhz ChMk0b\"><span class=\"ryNqvb\">We hope that Daigle cousins from these and other regions will contact us to share their information and contribute to our Daigle history and culture.<\/span><\/span><\/span><\/p>\t\t\t\t\t\t\t\t<\/div>\n\t\t\t\t<\/div>\n\t\t\t\t\t<\/div>\n\t\t<\/div>\n\t\t\t\t\t<\/div>\n\t\t<\/section>\n\t\t\t\t<section class=\"elementor-section elementor-top-section elementor-element elementor-element-ca757cb elementor-section-boxed elementor-section-height-default elementor-section-height-default\" data-id=\"ca757cb\" data-element_type=\"section\" data-e-type=\"section\">\n\t\t\t\t\t\t<div class=\"elementor-container elementor-column-gap-default\">\n\t\t\t\t\t<div class=\"elementor-column elementor-col-100 elementor-top-column elementor-element elementor-element-a2974c0\" data-id=\"a2974c0\" data-element_type=\"column\" data-e-type=\"column\">\n\t\t\t<div class=\"elementor-widget-wrap elementor-element-populated\">\n\t\t\t\t\t\t<div class=\"elementor-element elementor-element-a30d4e6 elementor-widget elementor-widget-spacer\" data-id=\"a30d4e6\" data-element_type=\"widget\" data-e-type=\"widget\" data-widget_type=\"spacer.default\">\n\t\t\t\t<div class=\"elementor-widget-container\">\n\t\t\t\t\t\t\t<div class=\"elementor-spacer\">\n\t\t\t<div class=\"elementor-spacer-inner\"><\/div>\n\t\t<\/div>\n\t\t\t\t\t\t<\/div>\n\t\t\t\t<\/div>\n\t\t\t\t<div class=\"elementor-element elementor-element-9eac876 elementor-widget elementor-widget-text-editor\" data-id=\"9eac876\" data-element_type=\"widget\" data-e-type=\"widget\" data-widget_type=\"text-editor.default\">\n\t\t\t\t<div class=\"elementor-widget-container\">\n\t\t\t\t\t\t\t\t\t<p><em><span class=\"HwtZe\" lang=\"fr\"><span class=\"jCAhz ChMk0b\"><span class=\"ryNqvb\">(1) L&#8217;Odyss\u00e9e des Familles Daigle &#8211; Bernadette Daigle<\/span><\/span> <\/span><\/em><\/p>\n<p><em><span class=\"HwtZe\" lang=\"fr\"><span class=\"jCAhz ChMk0b\"><span class=\"ryNqvb\">(2) Acadiens en exil, Reverend Donald J. H\u00e9bert, Louisiana, 1980<\/span><\/span> <\/span><\/em><\/p>\n<p><em><span class=\"HwtZe\" lang=\"fr\"><span class=\"jCAhz ChMk0b\"><span class=\"ryNqvb\">(3) M\u00e9moire de la Soci\u00e9t\u00e9 g\u00e9n\u00e9alogique canadienne fran\u00e7aise, Vol.<\/span><\/span> <span class=\"jCAhz ChMk0b\"><span class=\"ryNqvb\">XXII, no.<\/span><\/span> <span class=\"jCAhz ChMk0b\"><span class=\"ryNqvb\">4, p.<\/span><\/span> <span class=\"jCAhz ChMk0b\"><span class=\"ryNqvb\">226-235, 1971<\/span><\/span><\/span><\/em><\/p>\n\t\t\t\t\t\t\t\t<\/div>\n\t\t\t\t<\/div>\n\t\t\t\t\t<\/div>\n\t\t<\/div>\n\t\t\t\t\t<\/div>\n\t\t<\/section>\n\t\t\t\t<\/div>\n\t\t","protected":false},"excerpt":{"rendered":"<p>Olivier Daigre and Marie Gaudet &#8211; our Acadian heritage Daigle Based on numerous genealogy research, all Daigle Acadians would be descendants of Olivier Daigre, possibly from Aigre, in the Poitou-Charentes region of France. Born in 1643, he would have arrived in Acadia around 1664, possibly crossing over on the boat \u2018La Paix\u2019 commanded by Elie [&hellip;]<\/p>\n","protected":false},"author":2,"featured_media":0,"parent":0,"menu_order":0,"comment_status":"closed","ping_status":"closed","template":"elementor_theme","meta":{"nf_dc_page":"","_eb_attr":"","footnotes":""},"class_list":["post-188","page","type-page","status-publish","hentry"],"aioseo_notices":[],"jetpack_sharing_enabled":true,"_links":{"self":[{"href":"https:\/\/famillesdaigle.ca\/en\/wp-json\/wp\/v2\/pages\/188","targetHints":{"allow":["GET"]}}],"collection":[{"href":"https:\/\/famillesdaigle.ca\/en\/wp-json\/wp\/v2\/pages"}],"about":[{"href":"https:\/\/famillesdaigle.ca\/en\/wp-json\/wp\/v2\/types\/page"}],"author":[{"embeddable":true,"href":"https:\/\/famillesdaigle.ca\/en\/wp-json\/wp\/v2\/users\/2"}],"replies":[{"embeddable":true,"href":"https:\/\/famillesdaigle.ca\/en\/wp-json\/wp\/v2\/comments?post=188"}],"version-history":[{"count":9,"href":"https:\/\/famillesdaigle.ca\/en\/wp-json\/wp\/v2\/pages\/188\/revisions"}],"predecessor-version":[{"id":1346,"href":"https:\/\/famillesdaigle.ca\/en\/wp-json\/wp\/v2\/pages\/188\/revisions\/1346"}],"wp:attachment":[{"href":"https:\/\/famillesdaigle.ca\/en\/wp-json\/wp\/v2\/media?parent=188"}],"curies":[{"name":"wp","href":"https:\/\/api.w.org\/{rel}","templated":true}]}}