{"id":181,"date":"2023-07-09T12:35:55","date_gmt":"2023-07-09T15:35:55","guid":{"rendered":"https:\/\/famillesdaigle.ca\/about\/"},"modified":"2025-12-02T13:20:41","modified_gmt":"2025-12-02T16:20:41","slug":"about","status":"publish","type":"page","link":"https:\/\/famillesdaigle.ca\/en\/about\/","title":{"rendered":"Association"},"content":{"rendered":"\t\t<div data-elementor-type=\"wp-page\" data-elementor-id=\"181\" class=\"elementor elementor-181 elementor-69\" data-elementor-post-type=\"page\">\n\t\t\t\t\t\t<section class=\"elementor-section elementor-top-section elementor-element elementor-element-c0df9d0 elementor-section-boxed elementor-section-height-default elementor-section-height-default\" data-id=\"c0df9d0\" data-element_type=\"section\" data-e-type=\"section\">\n\t\t\t\t\t\t<div class=\"elementor-container elementor-column-gap-default\">\n\t\t\t\t\t<div class=\"elementor-column elementor-col-100 elementor-top-column elementor-element elementor-element-75ce4c9\" data-id=\"75ce4c9\" data-element_type=\"column\" data-e-type=\"column\">\n\t\t\t<div class=\"elementor-widget-wrap elementor-element-populated\">\n\t\t\t\t\t\t<div class=\"elementor-element elementor-element-79fb58a elementor-widget elementor-widget-heading\" data-id=\"79fb58a\" data-element_type=\"widget\" data-e-type=\"widget\" data-widget_type=\"heading.default\">\n\t\t\t\t<div class=\"elementor-widget-container\">\n\t\t\t\t\t<h3 class=\"elementor-heading-title elementor-size-default\">Our mission<\/h3>\t\t\t\t<\/div>\n\t\t\t\t<\/div>\n\t\t\t\t\t<\/div>\n\t\t<\/div>\n\t\t\t\t\t<\/div>\n\t\t<\/section>\n\t\t\t\t<section class=\"elementor-section elementor-top-section elementor-element elementor-element-d602ab8 elementor-section-boxed elementor-section-height-default elementor-section-height-default\" data-id=\"d602ab8\" data-element_type=\"section\" data-e-type=\"section\">\n\t\t\t\t\t\t<div class=\"elementor-container elementor-column-gap-default\">\n\t\t\t\t\t<div class=\"elementor-column elementor-col-100 elementor-top-column elementor-element elementor-element-60f14aa\" data-id=\"60f14aa\" data-element_type=\"column\" data-e-type=\"column\">\n\t\t\t<div class=\"elementor-widget-wrap elementor-element-populated\">\n\t\t\t\t\t\t<div class=\"elementor-element elementor-element-896c7c7 elementor-widget elementor-widget-text-editor\" data-id=\"896c7c7\" data-element_type=\"widget\" data-e-type=\"widget\" data-widget_type=\"text-editor.default\">\n\t\t\t\t<div class=\"elementor-widget-container\">\n\t\t\t\t\t\t\t\t\t<p>Association des Familles Daigle Acadiennes Inc. To promote our Acadian heritage for all descendants of Olivier Daigre and Marie Gaudet by establishing communication links, promoting Daigle family participation in reunions, collaborating and contributing to genealogical research, and preserving and celebrating our Acadian heritage, language and culture.<\/p>\n\t\t\t\t\t\t\t\t<\/div>\n\t\t\t\t<\/div>\n\t\t\t\t<div class=\"elementor-element elementor-element-32e2d4f elementor-widget elementor-widget-spacer\" data-id=\"32e2d4f\" data-element_type=\"widget\" data-e-type=\"widget\" data-widget_type=\"spacer.default\">\n\t\t\t\t<div class=\"elementor-widget-container\">\n\t\t\t\t\t\t\t<div class=\"elementor-spacer\">\n\t\t\t<div class=\"elementor-spacer-inner\"><\/div>\n\t\t<\/div>\n\t\t\t\t\t\t<\/div>\n\t\t\t\t<\/div>\n\t\t\t\t\t<\/div>\n\t\t<\/div>\n\t\t\t\t\t<\/div>\n\t\t<\/section>\n\t\t\t\t<section class=\"elementor-section elementor-top-section elementor-element elementor-element-1dcd4fd elementor-section-full_width elementor-section-stretched elementor-section-height-default elementor-section-height-default\" data-id=\"1dcd4fd\" data-element_type=\"section\" data-e-type=\"section\" data-settings=\"{&quot;stretch_section&quot;:&quot;section-stretched&quot;}\">\n\t\t\t\t\t\t\t<div class=\"elementor-background-overlay\"><\/div>\n\t\t\t\t\t\t\t<div class=\"elementor-container elementor-column-gap-custom\">\n\t\t\t\t\t<div class=\"elementor-column elementor-col-100 elementor-top-column elementor-element elementor-element-8f22b7d\" data-id=\"8f22b7d\" data-element_type=\"column\" data-e-type=\"column\">\n\t\t\t<div class=\"elementor-widget-wrap elementor-element-populated\">\n\t\t\t\t\t\t<div class=\"elementor-element elementor-element-2e5b63e elementor-widget elementor-widget-spacer\" data-id=\"2e5b63e\" data-element_type=\"widget\" data-e-type=\"widget\" data-widget_type=\"spacer.default\">\n\t\t\t\t<div class=\"elementor-widget-container\">\n\t\t\t\t\t\t\t<div class=\"elementor-spacer\">\n\t\t\t<div class=\"elementor-spacer-inner\"><\/div>\n\t\t<\/div>\n\t\t\t\t\t\t<\/div>\n\t\t\t\t<\/div>\n\t\t\t\t<div class=\"elementor-element elementor-element-716d2ba elementor-widget elementor-widget-heading\" data-id=\"716d2ba\" data-element_type=\"widget\" data-e-type=\"widget\" data-widget_type=\"heading.default\">\n\t\t\t\t<div class=\"elementor-widget-container\">\n\t\t\t\t\t<h3 class=\"elementor-heading-title elementor-size-default\">Objectives<\/h3>\t\t\t\t<\/div>\n\t\t\t\t<\/div>\n\t\t\t\t<section class=\"elementor-section elementor-inner-section elementor-element elementor-element-2b03b80 elementor-section-boxed elementor-section-height-default elementor-section-height-default\" data-id=\"2b03b80\" data-element_type=\"section\" data-e-type=\"section\">\n\t\t\t\t\t\t<div class=\"elementor-container elementor-column-gap-default\">\n\t\t\t\t\t<div class=\"elementor-column elementor-col-100 elementor-inner-column elementor-element elementor-element-020968c\" data-id=\"020968c\" data-element_type=\"column\" data-e-type=\"column\">\n\t\t\t<div class=\"elementor-widget-wrap elementor-element-populated\">\n\t\t\t\t\t\t<div class=\"elementor-element elementor-element-c3efd80 elementor-widget elementor-widget-text-editor\" data-id=\"c3efd80\" data-element_type=\"widget\" data-e-type=\"widget\" data-widget_type=\"text-editor.default\">\n\t\t\t\t<div class=\"elementor-widget-container\">\n\t\t\t\t\t\t\t\t\t<div class=\"x11i5rnm xat24cr x1mh8g0r x1vvkbs xtlvy1s\">\n<ul>\n<li>Establish communication links between the Daigle families, descendants of Olivier Daigre and Marie Gaudet;<\/li>\n<li>Promote the participation of Daigle families in meetings of Acadian families;<\/li>\n<li dir=\"auto\">Contribute and collaborate in genealogical and historical research on the Daigle families;<\/li>\n<li dir=\"auto\">Promote the Daigle family to other Acadian families;<\/li>\n<li dir=\"auto\">Preserve and celebrate the Acadian and Cajun heritage, language and culture; and<\/li>\n<li dir=\"auto\">Share our Acadian heritage with future generations.<\/li>\n<\/ul>\n<\/div>\n\t\t\t\t\t\t\t\t<\/div>\n\t\t\t\t<\/div>\n\t\t\t\t\t<\/div>\n\t\t<\/div>\n\t\t\t\t\t<\/div>\n\t\t<\/section>\n\t\t\t\t\t<\/div>\n\t\t<\/div>\n\t\t\t\t\t<\/div>\n\t\t<\/section>\n\t\t\t\t<section class=\"elementor-section elementor-top-section elementor-element elementor-element-2944a64 elementor-section-stretched elementor-section-boxed elementor-section-height-default elementor-section-height-default\" data-id=\"2944a64\" data-element_type=\"section\" data-e-type=\"section\" data-settings=\"{&quot;stretch_section&quot;:&quot;section-stretched&quot;}\">\n\t\t\t\t\t\t\t<div class=\"elementor-background-overlay\"><\/div>\n\t\t\t\t\t\t\t<div class=\"elementor-container elementor-column-gap-default\">\n\t\t\t\t\t<div class=\"elementor-column elementor-col-33 elementor-top-column elementor-element elementor-element-261d623\" data-id=\"261d623\" data-element_type=\"column\" data-e-type=\"column\">\n\t\t\t<div class=\"elementor-widget-wrap\">\n\t\t\t\t\t\t\t<\/div>\n\t\t<\/div>\n\t\t\t\t<div class=\"elementor-column elementor-col-33 elementor-top-column elementor-element elementor-element-e0bbabc\" data-id=\"e0bbabc\" data-element_type=\"column\" data-e-type=\"column\">\n\t\t\t<div class=\"elementor-widget-wrap elementor-element-populated\">\n\t\t\t\t\t\t<div class=\"elementor-element elementor-element-01f1666 elementor-widget elementor-widget-spacer\" data-id=\"01f1666\" data-element_type=\"widget\" data-e-type=\"widget\" data-widget_type=\"spacer.default\">\n\t\t\t\t<div class=\"elementor-widget-container\">\n\t\t\t\t\t\t\t<div class=\"elementor-spacer\">\n\t\t\t<div class=\"elementor-spacer-inner\"><\/div>\n\t\t<\/div>\n\t\t\t\t\t\t<\/div>\n\t\t\t\t<\/div>\n\t\t\t\t<div class=\"elementor-element elementor-element-e7c76b9 elementor-widget elementor-widget-heading\" data-id=\"e7c76b9\" data-element_type=\"widget\" data-e-type=\"widget\" data-widget_type=\"heading.default\">\n\t\t\t\t<div class=\"elementor-widget-container\">\n\t\t\t\t\t<h3 class=\"elementor-heading-title elementor-size-default\">Board of Directors<\/h3>\t\t\t\t<\/div>\n\t\t\t\t<\/div>\n\t\t\t\t<div class=\"elementor-element elementor-element-b68a302 elementor-widget elementor-widget-text-editor\" data-id=\"b68a302\" data-element_type=\"widget\" data-e-type=\"widget\" data-widget_type=\"text-editor.default\">\n\t\t\t\t<div class=\"elementor-widget-container\">\n\t\t\t\t\t\t\t\t\t<p>President &#8211; Patsy LeClair<\/p><p>Vice-President &#8211; Norma Daigle Babineau<\/p><p>Secretary &#8211; Alexandre Guimond<\/p><p>Treasurer &#8211; Walter Holleran<\/p>\t\t\t\t\t\t\t\t<\/div>\n\t\t\t\t<\/div>\n\t\t\t\t<div class=\"elementor-element elementor-element-bea3b73 elementor-widget elementor-widget-heading\" data-id=\"bea3b73\" data-element_type=\"widget\" data-e-type=\"widget\" data-widget_type=\"heading.default\">\n\t\t\t\t<div class=\"elementor-widget-container\">\n\t\t\t\t\t<h3 class=\"elementor-heading-title elementor-size-default\">Board members<\/h3>\t\t\t\t<\/div>\n\t\t\t\t<\/div>\n\t\t\t\t<div class=\"elementor-element elementor-element-7ac9ed6 elementor-widget elementor-widget-text-editor\" data-id=\"7ac9ed6\" data-element_type=\"widget\" data-e-type=\"widget\" data-widget_type=\"text-editor.default\">\n\t\t\t\t<div class=\"elementor-widget-container\">\n\t\t\t\t\t\t\t\t\t<p>C\u00e9cile Daigle<\/p><p>Louis Daigle<\/p><p>Louis-\u00c9mile Daigle<\/p><p>Suzanne Holleran<\/p><p>Marie LeBlanc<\/p><p>Suzie Robichaud<\/p><p>Lucie Vautour<\/p>\t\t\t\t\t\t\t\t<\/div>\n\t\t\t\t<\/div>\n\t\t\t\t<div class=\"elementor-element elementor-element-93ce589 elementor-widget elementor-widget-spacer\" data-id=\"93ce589\" data-element_type=\"widget\" data-e-type=\"widget\" data-widget_type=\"spacer.default\">\n\t\t\t\t<div class=\"elementor-widget-container\">\n\t\t\t\t\t\t\t<div class=\"elementor-spacer\">\n\t\t\t<div class=\"elementor-spacer-inner\"><\/div>\n\t\t<\/div>\n\t\t\t\t\t\t<\/div>\n\t\t\t\t<\/div>\n\t\t\t\t\t<\/div>\n\t\t<\/div>\n\t\t\t\t<div class=\"elementor-column elementor-col-33 elementor-top-column elementor-element elementor-element-258c9a9\" data-id=\"258c9a9\" data-element_type=\"column\" data-e-type=\"column\">\n\t\t\t<div class=\"elementor-widget-wrap\">\n\t\t\t\t\t\t\t<\/div>\n\t\t<\/div>\n\t\t\t\t\t<\/div>\n\t\t<\/section>\n\t\t\t\t<section class=\"elementor-section elementor-top-section elementor-element elementor-element-62a544d elementor-section-boxed elementor-section-height-default elementor-section-height-default\" data-id=\"62a544d\" data-element_type=\"section\" data-e-type=\"section\">\n\t\t\t\t\t\t<div class=\"elementor-container elementor-column-gap-default\">\n\t\t\t\t\t<div class=\"elementor-column elementor-col-100 elementor-top-column elementor-element elementor-element-5f769eb\" data-id=\"5f769eb\" data-element_type=\"column\" data-e-type=\"column\">\n\t\t\t<div class=\"elementor-widget-wrap elementor-element-populated\">\n\t\t\t\t\t\t<div class=\"elementor-element elementor-element-c905ddd elementor-widget elementor-widget-spacer\" data-id=\"c905ddd\" data-element_type=\"widget\" data-e-type=\"widget\" data-widget_type=\"spacer.default\">\n\t\t\t\t<div class=\"elementor-widget-container\">\n\t\t\t\t\t\t\t<div class=\"elementor-spacer\">\n\t\t\t<div class=\"elementor-spacer-inner\"><\/div>\n\t\t<\/div>\n\t\t\t\t\t\t<\/div>\n\t\t\t\t<\/div>\n\t\t\t\t<div class=\"elementor-element elementor-element-2877fe4 elementor-widget elementor-widget-heading\" data-id=\"2877fe4\" data-element_type=\"widget\" data-e-type=\"widget\" data-widget_type=\"heading.default\">\n\t\t\t\t<div class=\"elementor-widget-container\">\n\t\t\t\t\t<h3 class=\"elementor-heading-title elementor-size-default\">Honorary members<\/h3>\t\t\t\t<\/div>\n\t\t\t\t<\/div>\n\t\t\t\t<div class=\"elementor-element elementor-element-b7b249d elementor-widget elementor-widget-text-editor\" data-id=\"b7b249d\" data-element_type=\"widget\" data-e-type=\"widget\" data-widget_type=\"text-editor.default\">\n\t\t\t\t<div class=\"elementor-widget-container\">\n\t\t\t\t\t\t\t\t\t<p>The Association recognizes the need to highlight certain individuals (there are so many others) who have made a significant contribution to the objectives of the Association and to the promotion and reunion of the Acadian descendants of Olivier Daigre and Marie Gaudet. Our honorary members have either 1) helped promote and bring together the Acadian descendants of Olivier Daigre and Marie Gaudet and\/or 2) publicized the origin and history of the Daigle, Daigre, D&#8217;Aigle, Desgre and Deagle families. We are very proud to present five remarkable individuals, our first honorary members, who have contributed greatly to the promotion of our Daigle family history and culture:<\/p>\n\t\t\t\t\t\t\t\t<\/div>\n\t\t\t\t<\/div>\n\t\t\t\t\t<\/div>\n\t\t<\/div>\n\t\t\t\t\t<\/div>\n\t\t<\/section>\n\t\t\t\t<section class=\"elementor-section elementor-top-section elementor-element elementor-element-b663689 elementor-section-boxed elementor-section-height-default elementor-section-height-default\" data-id=\"b663689\" data-element_type=\"section\" data-e-type=\"section\">\n\t\t\t\t\t\t<div class=\"elementor-container elementor-column-gap-default\">\n\t\t\t\t\t<div class=\"elementor-column elementor-col-100 elementor-top-column elementor-element elementor-element-5a911c4\" data-id=\"5a911c4\" data-element_type=\"column\" data-e-type=\"column\">\n\t\t\t<div class=\"elementor-widget-wrap elementor-element-populated\">\n\t\t\t\t\t\t<div class=\"elementor-element elementor-element-b92ea20 elementor-widget elementor-widget-text-editor\" data-id=\"b92ea20\" data-element_type=\"widget\" data-e-type=\"widget\" data-widget_type=\"text-editor.default\">\n\t\t\t\t<div class=\"elementor-widget-container\">\n\t\t\t\t\t\t\t\t\t<ul><li><strong>Isra\u00ebl Daigle<\/strong> &#8211; Our founding president, took the initiative of forming a committee to bring together the Daigle families of the Kent County region in 1983, and remained president for 6 years.\u00a0<\/li><li><strong>Alvin Daigle<\/strong> of Aldouane, near Richibucto, accepted the presidency of the DAIGLE family committee from 1994 to 2004 during the first Congr\u00e8s Mondial Acadien. What&#8217;s more, Mr. Daigle had already begun his own research into the Daigle family tree to celebrate the 200th anniversary (1790-1990) of the Daigles&#8217; arrival in Kent County.<\/li><li><strong>Germaine Comeau<\/strong>, formerly of Aldouane, now lives in Moncton. Her ancestors include a former Militia captain, Fran\u00e7ois Joseph Daigle senior. Mrs. Comeau was president of our Daigle Family Committee for 14 years, from 2004 to 2018. We would like to thank Mrs. Comeau for her many years of dedicated service.<\/li><li><strong>Zella Layden<\/strong> &#8211; After a long career in teaching, Mrs. Layden of Acadieville, NB, took a keen interest in genealogy, publishing several books, including on the first and second groups of pioneers who arrived in Acadieville and their descendants. Together with her brother, the late Normand Robichaud, a fisherman from Pointe-Sapin, NB, they published the genealogy of the Daigle families of Pointe-Sapin and Baie-Ste-Anne. Robichaud was also president of a M\u00e9tis lineage group.<\/li><li><strong>Bernadette Daigle <\/strong> &#8211; Native of St-Charles, NB. Educated at the Universit\u00e9 de Montr\u00e9al, she holds a Bachelor of Arts degree with a concentration in History. A retired teacher, she is interested in genealogy, being a member of the Soci\u00e9t\u00e9 g\u00e9n\u00e9alogique canadienne fran\u00e7aise de Montr\u00e9al. In her book &#8220;L&#8217;ODYSS\u00c9E DES FAMILLES DAIGLE&#8221;, she tells us about the deportation of the Acadians as experienced by the descendants of Olivier Daigre and Marie Gaudet.<\/li><\/ul>\t\t\t\t\t\t\t\t<\/div>\n\t\t\t\t<\/div>\n\t\t\t\t\t<\/div>\n\t\t<\/div>\n\t\t\t\t\t<\/div>\n\t\t<\/section>\n\t\t\t\t<\/div>\n\t\t","protected":false},"excerpt":{"rendered":"<p>Our mission Association des Familles Daigle Acadiennes Inc. To promote our Acadian heritage for all descendants of Olivier Daigre and Marie Gaudet by establishing communication links, promoting Daigle family participation in reunions, collaborating and contributing to genealogical research, and preserving and celebrating our Acadian heritage, language and culture. Objectives Establish communication links between the Daigle [&hellip;]<\/p>\n","protected":false},"author":2,"featured_media":0,"parent":0,"menu_order":0,"comment_status":"closed","ping_status":"closed","template":"","meta":{"nf_dc_page":"","_eb_attr":"","footnotes":""},"class_list":["post-181","page","type-page","status-publish","hentry"],"aioseo_notices":[],"jetpack_sharing_enabled":true,"_links":{"self":[{"href":"https:\/\/famillesdaigle.ca\/en\/wp-json\/wp\/v2\/pages\/181","targetHints":{"allow":["GET"]}}],"collection":[{"href":"https:\/\/famillesdaigle.ca\/en\/wp-json\/wp\/v2\/pages"}],"about":[{"href":"https:\/\/famillesdaigle.ca\/en\/wp-json\/wp\/v2\/types\/page"}],"author":[{"embeddable":true,"href":"https:\/\/famillesdaigle.ca\/en\/wp-json\/wp\/v2\/users\/2"}],"replies":[{"embeddable":true,"href":"https:\/\/famillesdaigle.ca\/en\/wp-json\/wp\/v2\/comments?post=181"}],"version-history":[{"count":14,"href":"https:\/\/famillesdaigle.ca\/en\/wp-json\/wp\/v2\/pages\/181\/revisions"}],"predecessor-version":[{"id":1673,"href":"https:\/\/famillesdaigle.ca\/en\/wp-json\/wp\/v2\/pages\/181\/revisions\/1673"}],"wp:attachment":[{"href":"https:\/\/famillesdaigle.ca\/en\/wp-json\/wp\/v2\/media?parent=181"}],"curies":[{"name":"wp","href":"https:\/\/api.w.org\/{rel}","templated":true}]}}